{"id":2,"date":"2024-12-04T17:49:23","date_gmt":"2024-12-04T16:49:23","guid":{"rendered":"http:\/\/10.218.79.40:8071\/?page_id=2"},"modified":"2025-10-15T11:03:12","modified_gmt":"2025-10-15T09:03:12","slug":"pagina-ejemplo","status":"publish","type":"page","link":"https:\/\/www.mundocaos.com\/?page_id=2","title":{"rendered":"\u00a1Acerca de!"},"content":{"rendered":"\n<p>Comenc\u00e9 en el mundo de los ordenadores en 2\u00ba de BUP, all\u00e1 por el a\u00f1o 1982. Ten\u00eda una asignatura denominada EATP (Ense\u00f1anzas y Actividades T\u00e9cnico Profesionales), donde pod\u00edas elegir entre dibujo art\u00edstico, labores del hogar, electr\u00f3nica y otra que no recuerdo.<\/p>\n\n\n\n<p>Eleg\u00ed electr\u00f3nica, y el primer d\u00eda de clase en el aula de electr\u00f3nica lo que nos encontramos fue un Commodore PET 2001 (con plotter, y 2 unidades de disco)  y 3 Commodore VIC-20. Uno de los VIC-20 ten\u00eda un Super-Expander VIC-1020, donde ten\u00edan conectados tres cartuchos:<\/p>\n\n\n\n<ul class=\"wp-block-list\">\n<li>VIC-1111 16KB de RAM<\/li>\n\n\n\n<li>VIC-1211 SuperExpander, que a\u00f1ad\u00eda algunas instrucciones nuevas al BASIC y 3KB de RAM extra<\/li>\n\n\n\n<li>VIC-1213 Machine Language Monitor<\/li>\n<\/ul>\n\n\n\n<p>Lo m\u00e1s incre\u00edble era una unidad de discos 1541 que tardaba unos tres minutos en leer un programa de 16KB.<\/p>\n\n\n\n<p>La asignatura no era electr\u00f3nica sino inform\u00e1tica. As\u00ed comenc\u00e9 con el BASIC, aprendiendo a definir caracteres gr\u00e1ficos de usuario y moverlos por pantalla a base de PEEK y POKE. Y tambi\u00e9n hice mis pinitos en el c\u00f3digo m\u00e1quina del 6502. No era nada f\u00e1cil, ya que inicialmente, s\u00f3lo pod\u00eda utilizar el ordenador el par de horas a la semana que ten\u00edamos clase. Ped\u00ed permiso para acceder al laboratorio los s\u00e1bados por la ma\u00f1ana, as\u00ed que estaba en la puerta del laboratorio todos los s\u00e1bados a las nueve menos cinco esperando a que el conserje abriera el laboratorio&#8230;<\/p>\n\n\n\n<p>En el curso siguiente adquirieron 2 ZX-Spectrum de 16KB. El teclado ni comparaci\u00f3n con el del VIC, pero los gr\u00e1ficos y colores&#8230; Y que decir del ensamblador del Z80. Segu\u00ed teniendo permiso para acceder los s\u00e1bados unos meses, hasta que un d\u00eda, uno de los Spectrum desapareci\u00f3.<\/p>\n\n\n\n<p>Luego, un tiempo sin tocar un ordenador, aunque leyendo mucho&#8230; Me gastaba mi paga en revistas de inform\u00e1tica: Commodore Club, MicroHobby, el Ordenador Personal (estas llegaban muy pocas al kiosko), &#8230; Por suerte, mi padre me compr\u00f3, bueno me dio dinero para que me comprara el ordenador que yo quisiera\u2026 Por presupuesto no ten\u00eda mucho donde elegir, y me decant\u00e9 por un Spectravideo SVI-728 MSX. Aprend\u00ed MSX BASIC y de nuevo ensamblador del Z80.<\/p>\n\n\n\n<p>Luego comenc\u00e9 la diplomatura en Inform\u00e1tica de Sistemas F\u00edsicos en la UVA, y un a\u00f1o haciendo una chapuza para conectar una disquetera de 5.25, me cargu\u00e9 el SVI-728. Mientras estudiaba, no mucho la verdad, estuve dando clases de \u00c1lgebra, C\u00e1lculo y Turbo Pascal en una academia. All\u00ed antes hab\u00edan dado clases de inform\u00e1tica con Apple \/\/e. As\u00ed que un mes convenc\u00ed al due\u00f1o para cobrar las clases en especie: un Apple \/\/e, dos unidades Disk ][ y varias tarjeta: el primer ordenador de mi colecci\u00f3n.<\/p>\n\n\n\n<p>A falta de 3 asignaturas para terminar la carrera aprob\u00e9 una oposici\u00f3n de Inform\u00e1tica y me destinaron a Granada, donde he estado trabajando desde 1992.<\/p>\n\n\n\n<p>Entre medias, comenc\u00e9 a ir al rastro de Sevilla y as\u00ed ampliar mi colecci\u00f3n\u2026 Luego compras en iBazar e intercambios con coleccionistas brasile\u00f1os, rumanos,\u2026 Luego ya se sabe, te casas, la hipoteca, el trabajo, terminar la carrera (bueno hacer pr\u00e1cticamente desde 0 el Grado en Ingenier\u00eda Inform\u00e1tica, especialidad IOT), opositar para subir de categor\u00eda,\u2026 con lo que no ten\u00eda tiempo para los ordenadores\u2026<\/p>\n\n\n\n<p>Pero la vida siempre te da sorpresas&#8230; En agosto de 2022 me dio una enfermedad neurol\u00f3gica rara que afecta a los nervios perif\u00e9ricos, un CIDP (Polineuropat\u00eda Desmilinizante Inflamatoria Cr\u00f3nica) de inicio agudo. Casi dos meses en el hospital sin poder moverme. Ahora ya puedo moverme, pero tengo dolores continuos (parestesias) principalmente en manos y pies. Puedo reducirlos a costa de aumentar la medicaci\u00f3n de las parestesias y pasar la mayor parte del tiempo adormilado.<\/p>\n\n\n\n<p>As\u00ed que ahora tengo todo el tiempo libre del mundo, pero solo tengo un par de horas en que las manos no me duelen, aunque he perdido destreza&#8230; Pero bueno, parte de ese poco tiempo lo he dedicado a mi colecci\u00f3n. As\u00ed que he empezado poco a poco a catalogarlos y probarlos de uno en uno. He creado este blog para catalogarlos y dejar documentado su estado, que he hecho para probarlo, as\u00ed como la informaci\u00f3n que he encontrado. Lo hago m\u00e1s que nada porque la medicaci\u00f3n provoca amnesia y se me olvida muchas veces lo que estaba haciendo.<\/p>\n\n\n\n<p>Inicialmente ten\u00eda la lista de mi colecci\u00f3n en una hoja Excel y en papel, aunque esta forma de almacenamiento se me quedaba &#8220;peque\u00f1a&#8221; para lo que yo quer\u00eda. Adem\u00e1s de los t\u00edpicos datos, quer\u00eda almacenar tambi\u00e9n url&#8217;s y documentaci\u00f3n que he encontrado tras m\u00e1s de 30 a\u00f1os de b\u00fasqueda,..<\/p>\n\n\n\n<p>Intent\u00e9 hacer una base de datos de Access&#8230; un rollo&#8230;. Durante unos a\u00f1os lo organic\u00e9 en una base de datos MySQL y lo gestionaba con una aplicaci\u00f3n Web que hice en PHP.. Un a\u00f1o mi proveedor fue absorbido por otra compa\u00f1\u00eda y fue un l\u00edo la migraci\u00f3n. As\u00ed que entre esto, y problemas en el trabajo, lo abandon\u00e9.<\/p>\n\n\n\n<p>Tras probar diferentes aplicaciones para catalogar colecciones, no encontr\u00e9 nada que me gustara del todo. Conoc\u00eda varios blog por instalarlos y administrar alguno como Joomla o Drupal, pero no me convenc\u00edan. Prob\u00e9 algunos &#8220;nuevos&#8221; como Ghost o Jekyll. Al final me he quedado con WordPress, con algunos plugins.<\/p>\n\n\n\n<p>En cada entrada suelo poner los datos de cada ordenador: historia y caracter\u00edsticas que conoc\u00eda o que he le\u00eddo de la red, si ha sido reparado y como, lista de condensadores cambiados,&#8230;.. as\u00ed como manuales en PDF, fotos, urls,.. Aunque de momento solo tengo a\u00f1adidos sobre un 10% de los que tengo.<\/p>\n\n\n\n<p>Lo tengo accesible desde internet, para poder seguir actualiz\u00e1ndola cuando estoy fuera de casa, o por si vuelven a tener que ingresarme&#8230;<\/p>\n\n\n\n<p>Una parte de las fotos son de la Wikipedia, y otras son m\u00edas y las sub\u00ed hace a\u00f1os a <a href=\"http:\/\/1000bit.it\">1000bit.it <\/a>(antes 1000bit.net). Otras son obtenidas de algunas Web, y si me he acordado he colocado la url a la p\u00e1gina original.Si alguna foto es por casualidad vuestra y no quer\u00e9is que est\u00e9, solo hace falta decirlo, y en cuanto pueda, la quitar\u00e9.<\/p>\n\n\n\n<p>Agradecer a Stephan Slabihoud de <a href=\"https:\/\/8bit-museum.de\/\">https:\/\/8bit-museum.de\/<\/a> por permitirme usar fotos de sus equipos.<\/p>\n\n\n\n<p>Tambi\u00e9n si veis alg\u00fan error, no dud\u00e9is en dec\u00edrmelo.<\/p>\n\n\n\n<p>PD. <strong>El porqu\u00e9 del nombre Mundocaos<\/strong><\/p>\n\n\n\n<p>Antes de conocer a mi mujer, yo viv\u00eda en un apartamento con dos dormitorios. Ten\u00eda por entonces unos 150 ordenadores, repartidos por estanter\u00edas en el garaje (que era cerrado) y un dormitorio. En este dormitorio ten\u00eda una cama, y encima y a su alrededor las estanter\u00edas, o amontonados en cajas los ordenadores, monitores,&#8230; <\/p>\n\n\n\n<p>De vez en cuando ven\u00edan dos de mis amigos de Valladolid y Zamora.. Uno dorm\u00eda en el sal\u00f3n, con mi gato Benito, y el otro en el dormitorio&#8230; Para llegar a la cama no hab\u00eda mucho sitio, ya que estaba casi todo lleno de cajas.. Y se quejaba del caos.. y del caos pas\u00f3 a mundocaos&#8230;.<\/p>\n\n\n\n<p><\/p>\n","protected":false},"excerpt":{"rendered":"<p>Comenc\u00e9 en el mundo de los ordenadores en 2\u00ba de BUP, all\u00e1 por el a\u00f1o 1982. Ten\u00eda una asignatura denominada EATP (Ense\u00f1anzas y Actividades T\u00e9cnico Profesionales), donde pod\u00edas elegir entre dibujo art\u00edstico, labores del hogar, electr\u00f3nica y otra que no recuerdo. Eleg\u00ed electr\u00f3nica, y el primer d\u00eda de clase en el aula de electr\u00f3nica lo [&hellip;]<\/p>\n","protected":false},"author":1,"featured_media":16,"parent":0,"menu_order":0,"comment_status":"closed","ping_status":"open","template":"","meta":{"footnotes":""},"class_list":["post-2","page","type-page","status-publish","has-post-thumbnail","hentry"],"_links":{"self":[{"href":"https:\/\/www.mundocaos.com\/index.php?rest_route=\/wp\/v2\/pages\/2","targetHints":{"allow":["GET"]}}],"collection":[{"href":"https:\/\/www.mundocaos.com\/index.php?rest_route=\/wp\/v2\/pages"}],"about":[{"href":"https:\/\/www.mundocaos.com\/index.php?rest_route=\/wp\/v2\/types\/page"}],"author":[{"embeddable":true,"href":"https:\/\/www.mundocaos.com\/index.php?rest_route=\/wp\/v2\/users\/1"}],"replies":[{"embeddable":true,"href":"https:\/\/www.mundocaos.com\/index.php?rest_route=%2Fwp%2Fv2%2Fcomments&post=2"}],"version-history":[{"count":13,"href":"https:\/\/www.mundocaos.com\/index.php?rest_route=\/wp\/v2\/pages\/2\/revisions"}],"predecessor-version":[{"id":6760,"href":"https:\/\/www.mundocaos.com\/index.php?rest_route=\/wp\/v2\/pages\/2\/revisions\/6760"}],"wp:featuredmedia":[{"embeddable":true,"href":"https:\/\/www.mundocaos.com\/index.php?rest_route=\/wp\/v2\/media\/16"}],"wp:attachment":[{"href":"https:\/\/www.mundocaos.com\/index.php?rest_route=%2Fwp%2Fv2%2Fmedia&parent=2"}],"curies":[{"name":"wp","href":"https:\/\/api.w.org\/{rel}","templated":true}]}}